{"id":34,"date":"2022-09-21T09:13:28","date_gmt":"2022-09-21T09:13:28","guid":{"rendered":"http:\/\/nawa-partnerstwa.put.poznan.pl\/?page_id=34"},"modified":"2022-10-09T10:02:41","modified_gmt":"2022-10-09T10:02:41","slug":"o-projekcie","status":"publish","type":"page","link":"https:\/\/nawa-partnerstwa.put.poznan.pl\/?page_id=34","title":{"rendered":"O projekcie"},"content":{"rendered":"\n<p>Projekt \u201eCyberbezpiecze\u0144stwo dla Uniwersytetu Europejskiego EUNICE\u201d realizowany jest w ramach programu Narodowej Agencji Wymiany Akademickiej Partnerstwa Strategiczne, finansowanego ze \u015brodk\u00f3w bud\u017cetu pa\u0144stwa (Umowa nr BPI\/PST\/2021\/1\/00073\/U\/00001).<\/p>\n\n\n\n<p>G\u0142\u00f3wnym celem projektu jest przygotowanie nowoczesnych materia\u0142\u00f3w dydaktycznych, metod i narz\u0119dzi kszta\u0142cenia dla opracowywanego 3-semestralnego programu studi\u00f3w II stopnia &#8222;Cybesecurity&#8221;, oferowanego studentom wszystkich partner\u00f3w Uniwersytetu Europejskiego EUNICE. Materia\u0142y dydaktyczne, przede wszystkim zwi\u0105zane z zaj\u0119ciami laboratoryjnymi, zostan\u0105 dostosowane do nauczania hybrydowego\/zdalnego: wdro\u017cony zostanie pilota\u017cowy system zdalnego dost\u0119pu do urz\u0105dze\u0144 laboratoryjnych oraz opracowane zostan\u0105 instrukcje do pracy w laboratorium w formule zdalnego dost\u0119pu. Dost\u0119p zdalny b\u0119dzie mo\u017cliwy zar\u00f3wno z tzw. Virtual Lab (centralnego punktu dydaktycznego EUNICE), zapewniaj\u0105cego interaktywn\u0105 wsp\u00f3\u0142prac\u0119 dowolnych grup student\u00f3w, jak i z dowolnej innej lokalizacji. <\/p>\n\n\n\n<p>Projekt umo\u017cliwi, po zako\u0144czeniu 3-letniej fazy organizacyjnej projektu EUNICE, oferowanie studentom wysokiej jako\u015bci kszta\u0142cenia zar\u00f3wno w formie stacjonarnej, jak i &#8211; przede wszystkim &#8211; hybrydowej. D\u0142ugoletnie do\u015bwiadczenia wyk\u0142adowc\u00f3w z BTU i UNICT w zakresie cyberbezpiecze\u0144stwa po\u0142\u0105czone zostanie z wiedz\u0105 i praktycznymi umiej\u0119tno\u015bciami, potwierdzonymi licznymi certyfikatami bran\u017cowymi, wyk\u0142adowc\u00f3w z PP. Dodatkowo, profil kszta\u0142cenia zostanie dopasowany do wymaga\u0144 rynkowych, dzi\u0119ki wsp\u00f3\u0142pracy i rekomendacjom otrzymanym od przedsi\u0119biorstw o globalnym zasi\u0119gu, takim jak m.in. Intel, Hoffmann-La Roche, Axis Communications i inne.<\/p>\n\n\n\n<p><\/p>\n","protected":false},"excerpt":{"rendered":"<p>Projekt \u201eCyberbezpiecze\u0144stwo dla Uniwersytetu Europejskiego EUNICE\u201d realizowany jest w ramach programu Narodowej Agencji Wymiany Akademickiej Partnerstwa Strategiczne, finansowanego ze \u015brodk\u00f3w bud\u017cetu pa\u0144stwa (Umowa nr BPI\/PST\/2021\/1\/00073\/U\/00001). G\u0142\u00f3wnym celem projektu jest przygotowanie nowoczesnych materia\u0142\u00f3w&#8230;<\/p>\n","protected":false},"author":1,"featured_media":0,"parent":0,"menu_order":0,"comment_status":"closed","ping_status":"closed","template":"","meta":{"footnotes":""},"class_list":["post-34","page","type-page","status-publish","hentry"],"_links":{"self":[{"href":"https:\/\/nawa-partnerstwa.put.poznan.pl\/index.php?rest_route=\/wp\/v2\/pages\/34","targetHints":{"allow":["GET"]}}],"collection":[{"href":"https:\/\/nawa-partnerstwa.put.poznan.pl\/index.php?rest_route=\/wp\/v2\/pages"}],"about":[{"href":"https:\/\/nawa-partnerstwa.put.poznan.pl\/index.php?rest_route=\/wp\/v2\/types\/page"}],"author":[{"embeddable":true,"href":"https:\/\/nawa-partnerstwa.put.poznan.pl\/index.php?rest_route=\/wp\/v2\/users\/1"}],"replies":[{"embeddable":true,"href":"https:\/\/nawa-partnerstwa.put.poznan.pl\/index.php?rest_route=%2Fwp%2Fv2%2Fcomments&post=34"}],"version-history":[{"count":3,"href":"https:\/\/nawa-partnerstwa.put.poznan.pl\/index.php?rest_route=\/wp\/v2\/pages\/34\/revisions"}],"predecessor-version":[{"id":68,"href":"https:\/\/nawa-partnerstwa.put.poznan.pl\/index.php?rest_route=\/wp\/v2\/pages\/34\/revisions\/68"}],"wp:attachment":[{"href":"https:\/\/nawa-partnerstwa.put.poznan.pl\/index.php?rest_route=%2Fwp%2Fv2%2Fmedia&parent=34"}],"curies":[{"name":"wp","href":"https:\/\/api.w.org\/{rel}","templated":true}]}}